{"id":3418,"date":"2025-04-22T21:09:43","date_gmt":"2025-04-22T21:09:43","guid":{"rendered":"https:\/\/www.ondara.group\/?page_id=3418"},"modified":"2025-04-22T21:33:36","modified_gmt":"2025-04-22T21:33:36","slug":"abogado_practicas","status":"publish","type":"page","link":"https:\/\/www.ondara.group\/en\/abogado_practicas\/","title":{"rendered":"Becario\/a \u2013 Pr\u00e1cticas Departamento Legal"},"content":{"rendered":"<div class=\"fusion-fullwidth fullwidth-box fusion-builder-row-1 fusion-flex-container has-pattern-background has-mask-background fusion-parallax-fixed nonhundred-percent-fullwidth non-hundred-percent-height-scrolling\" style=\"background-color: var(--awb-color8);background-image: url(&quot;http:\/\/www.ondara.group\/wp-content\/uploads\/2025\/01\/Hero-header-section-2-1.png&quot;);background-position: center center;background-repeat: no-repeat;border-width: 0px 0px 0px 0px;border-color:var(--awb-color3);border-style:solid;-webkit-background-size:cover;-moz-background-size:cover;-o-background-size:cover;background-size:cover;background-attachment:fixed;\" ><div class=\"fusion-builder-row fusion-row fusion-flex-align-items-flex-start fusion-flex-justify-content-center\" style=\"max-width:1248px;margin-left: calc(-4% \/ 2 );margin-right: calc(-4% \/ 2 );\"><div class=\"fusion-layout-column fusion_builder_column fusion-builder-column-0 fusion_builder_column_1_2 1_2 fusion-flex-column fusion-flex-align-self-center\"><div class=\"fusion-column-wrapper fusion-flex-justify-content-center fusion-content-layout-column\" style=\"background-position:left top;background-repeat:no-repeat;-webkit-background-size:cover;-moz-background-size:cover;-o-background-size:cover;background-size:cover;padding: 0px 0px 0px 0px;\"><style type=\"text\/css\">@media only screen and (max-width:1024px) {.fusion-title.fusion-title-1{margin-top:10px!important; margin-right:0px!important;margin-bottom:15px!important;margin-left:0px!important;}}@media only screen and (max-width:640px) {.fusion-title.fusion-title-1{margin-top:10px!important; margin-right:0px!important;margin-bottom:10px!important; margin-left:0px!important;}}<\/style><div class=\"fusion-title title fusion-title-1 fusion-sep-none fusion-title-text fusion-title-size-one\" style=\"margin-top:10px;margin-right:0px;margin-bottom:15px;margin-left:0px;\"><h1 class=\"title-heading-left fusion-responsive-typography-calculated\" style=\"margin:0;--fontSize:77;line-height:var(--awb-typography1-line-height);\">Empleo<\/h1><\/div><\/div><style type=\"text\/css\">.fusion-body .fusion-builder-column-0{width:50% !important;margin-top : 0px;margin-bottom : 20px;}.fusion-builder-column-0 > .fusion-column-wrapper {padding-top : 0px !important;padding-right : 0px !important;margin-right : 3.84%;padding-bottom : 0px !important;padding-left : 0px !important;margin-left : 3.84%;}@media only screen and (max-width:1024px) {.fusion-body .fusion-builder-column-0{width:50% !important;order : 0;}.fusion-builder-column-0 > .fusion-column-wrapper {margin-right : 3.84%;margin-left : 3.84%;}}@media only screen and (max-width:640px) {.fusion-body .fusion-builder-column-0{width:100% !important;order : 0;}.fusion-builder-column-0 > .fusion-column-wrapper {margin-right : 1.92%;margin-left : 1.92%;}}<\/style><\/div><div class=\"fusion-layout-column fusion_builder_column fusion-builder-column-1 fusion_builder_column_1_2 1_2 fusion-flex-column fusion-flex-align-self-center\"><div class=\"fusion-column-wrapper fusion-flex-justify-content-center fusion-content-layout-column\" style=\"background-position:left top;background-repeat:no-repeat;-webkit-background-size:cover;-moz-background-size:cover;-o-background-size:cover;background-size:cover;padding: 0px 0px 0px 0px;\"><div style=\"text-align:right;\"><style>.fusion-body .fusion-button.button-1{border-radius:4px 4px 4px 4px;}<\/style><a class=\"fusion-button button-flat fusion-button-default-size button-default button-1 fusion-button-default-span fusion-button-default-type\" target=\"_self\" href=\"https:\/\/www.ondara.group\/talento\/\"><i class=\"fa-arrow-left fas button-icon-left\" aria-hidden=\"true\"><\/i><span class=\"fusion-button-text\">Empleo<\/span><\/a><\/div><\/div><style type=\"text\/css\">.fusion-body .fusion-builder-column-1{width:50% !important;margin-top : 0px;margin-bottom : 20px;}.fusion-builder-column-1 > .fusion-column-wrapper {padding-top : 0px !important;padding-right : 0px !important;margin-right : 3.84%;padding-bottom : 0px !important;padding-left : 0px !important;margin-left : 3.84%;}@media only screen and (max-width:1024px) {.fusion-body .fusion-builder-column-1{width:50% !important;order : 0;}.fusion-builder-column-1 > .fusion-column-wrapper {margin-right : 3.84%;margin-left : 3.84%;}}@media only screen and (max-width:640px) {.fusion-body .fusion-builder-column-1{width:100% !important;order : 0;}.fusion-builder-column-1 > .fusion-column-wrapper {margin-right : 1.92%;margin-left : 1.92%;}}<\/style><\/div><div class=\"fusion-layout-column fusion_builder_column fusion-builder-column-2 fusion_builder_column_2_3 2_3 fusion-flex-column\"><div class=\"fusion-column-wrapper fusion-flex-justify-content-flex-start fusion-content-layout-column\" style=\"background-position:left top;background-repeat:no-repeat;-webkit-background-size:cover;-moz-background-size:cover;-o-background-size:cover;background-size:cover;border-radius:16px 16px 16px 16px;background-color:var(--awb-color1);border-radius:16px 16px 16px 16px;overflow:hidden;padding: 40px 40px 40px 40px;\"><div style=\"text-align:center;\"><style>.fusion-imageframe.imageframe-1{ margin-bottom : 40px;}<\/style><span class=\" fusion-imageframe imageframe-none imageframe-1 hover-type-none\"><img decoding=\"async\" width=\"300\" height=\"123\" title=\"Ondara_1_legal_Black@2x\" src=\"http:\/\/www.ondara.group\/wp-content\/uploads\/2025\/04\/Ondara_1_legal_Black@2x-300x123.png\" alt class=\"img-responsive wp-image-3428\" srcset=\"https:\/\/www.ondara.group\/wp-content\/uploads\/2025\/04\/Ondara_1_legal_Black@2x-200x82.png 200w, https:\/\/www.ondara.group\/wp-content\/uploads\/2025\/04\/Ondara_1_legal_Black@2x-400x163.png 400w, https:\/\/www.ondara.group\/wp-content\/uploads\/2025\/04\/Ondara_1_legal_Black@2x-600x245.png 600w, https:\/\/www.ondara.group\/wp-content\/uploads\/2025\/04\/Ondara_1_legal_Black@2x.png 710w\" sizes=\"(max-width: 640px) 100vw, 300px\" \/><\/span><\/div><style type=\"text\/css\">@media only screen and (max-width:1024px) {.fusion-title.fusion-title-2{margin-top:10px!important; margin-right:0px!important;margin-bottom:40px!important;margin-left:0px!important;}}@media only screen and (max-width:640px) {.fusion-title.fusion-title-2{margin-top:10px!important; margin-right:0px!important;margin-bottom:10px!important; margin-left:0px!important;}}<\/style><div class=\"fusion-title title fusion-title-2 fusion-sep-none fusion-title-text fusion-title-size-two\" style=\"margin-top:10px;margin-right:0px;margin-bottom:40px;margin-left:0px;\"><h2 class=\"title-heading-left fusion-responsive-typography-calculated\" style=\"margin:0;--fontSize:48;line-height:var(--awb-typography1-line-height);\">Becario\/a \u2013 Pr\u00e1cticas Departamento Legal<\/h2><\/div><div class=\"fusion-text fusion-text-1\"><p><span style=\"font-weight: 400;\">\u00a0<\/span><b>Ubicaci\u00f3n<\/b><span style=\"font-weight: 400;\">: Barcelona, Catalunya<\/span><span style=\"font-weight: 400;\"><br \/><\/span> <b>Modalidad<\/b><span style=\"font-weight: 400;\">: Presencial<\/span><span style=\"font-weight: 400;\"><br \/><\/span> <b>Jornada<\/b><span style=\"font-weight: 400;\">: A convenir seg\u00fan disponibilidad acad\u00e9mica<\/span><span style=\"font-weight: 400;\"><br \/><\/span> <b>Duraci\u00f3n<\/b><span style=\"font-weight: 400;\">: 6 meses<\/span><span style=\"font-weight: 400;\"><br \/><\/span> <b>Remuneraci\u00f3n<\/b><span style=\"font-weight: 400;\">: Pr\u00e1cticas remuneradas<\/span><span style=\"font-weight: 400;\"><br \/><\/span><b> Experiencia m\u00ednima:<\/b><span style=\"font-weight: 400;\"> No requerida, se valorar\u00e1 experiencia previa<\/span><span style=\"font-weight: 400;\"><br \/><\/span><b> Tipo de convenio<\/b><span style=\"font-weight: 400;\">: Obligatorio con universidad o centro de estudios<\/span><\/p>\n<h3><b>Requisitos<\/b><\/h3>\n<p><b>Estudios m\u00ednimos<\/b><\/p>\n<p><span style=\"font-weight: 400;\">Grado en Derecho en curso o reci\u00e9n finalizado.<\/span><\/p>\n<p><b>Experiencia m\u00ednima<\/b><b><br \/><\/b><span style=\"font-weight: 400;\">No requerida, aunque se valorar\u00e1 experiencia previa como becario\/a en despachos de abogados.<\/span><\/p>\n<p><b>Conocimientos valorables<\/b><\/p>\n<ul>\n<li style=\"font-weight: 400;\" aria-level=\"1\"><span style=\"font-weight: 400;\">Derecho bancario<\/span><\/li>\n<li style=\"font-weight: 400;\" aria-level=\"1\"><span style=\"font-weight: 400;\">Derecho inmobiliario<\/span><\/li>\n<li style=\"font-weight: 400;\" aria-level=\"1\"><span style=\"font-weight: 400;\">Derecho civil y mercantil<\/span><\/li>\n<li style=\"font-weight: 400;\" aria-level=\"1\"><span style=\"font-weight: 400;\">Derecho concursal<\/span><\/li>\n<li style=\"font-weight: 400;\" aria-level=\"1\"><span style=\"font-weight: 400;\">Redacci\u00f3n jur\u00eddica<\/span><\/li>\n<li style=\"font-weight: 400;\" aria-level=\"1\"><span style=\"font-weight: 400;\">Elaboraci\u00f3n de informes<\/span><\/li>\n<li style=\"font-weight: 400;\" aria-level=\"1\"><span style=\"font-weight: 400;\">Due Diligence<\/span><\/li>\n<\/ul>\n<p><b>Requisitos m\u00ednimos<\/b><\/p>\n<ul>\n<li style=\"font-weight: 400;\" aria-level=\"1\"><span style=\"font-weight: 400;\">Estudiante de Derecho con convenio de pr\u00e1cticas en vigo<\/span><\/li>\n<li style=\"font-weight: 400;\" aria-level=\"1\"><span style=\"font-weight: 400;\">Inter\u00e9s en el \u00e1mbito legal empresarial y multidisciplinar<\/span><\/li>\n<li style=\"font-weight: 400;\" aria-level=\"1\"><span style=\"font-weight: 400;\">Perfil din\u00e1mico, proactivo y resolutivo<\/span><\/li>\n<li style=\"font-weight: 400;\" aria-level=\"1\"><span style=\"font-weight: 400;\">Buenas habilidades de comunicaci\u00f3n y trabajo en equipo<\/span><\/li>\n<li style=\"font-weight: 400;\" aria-level=\"1\"><span style=\"font-weight: 400;\">Rigor, organizaci\u00f3n y atenci\u00f3n al detalle<\/span><b>\n<p><\/b><\/li>\n<\/ul>\n<h3><b>Descripci\u00f3n<\/b><\/h3>\n<p><b>Ondara Group<\/b><span style=\"font-weight: 400;\">, a trav\u00e9s de su divisi\u00f3n jur\u00eddica <\/span><b>Ondara Lega<\/b><span style=\"font-weight: 400;\">l, ofrece una oportunidad de pr\u00e1cticas para estudiantes de Derecho interesados en desarrollarse dentro de un equipo legal con una visi\u00f3n empresarial global.<\/span><\/p>\n<p><span style=\"font-weight: 400;\">La persona seleccionada colaborar\u00e1 activamente en los asuntos legales del grupo, ofreciendo apoyo jur\u00eddico transversal a las diferentes empresas y participando en procedimientos legales reales, tanto en asesoramiento como en litigaci\u00f3n.<\/span><\/p>\n<h3><b>\u00bfCu\u00e1les ser\u00edan tus funciones?<\/b><\/h3>\n<ul>\n<li style=\"font-weight: 400;\" aria-level=\"1\"><span style=\"font-weight: 400;\">Redacci\u00f3n y revisi\u00f3n de consultas jur\u00eddicas y escritos judiciales.<\/span><\/li>\n<li style=\"font-weight: 400;\" aria-level=\"1\"><span style=\"font-weight: 400;\">Asistencia en procedimientos en derecho bancario, inmobiliario, civil, mercantil y concursal.<\/span><\/li>\n<li style=\"font-weight: 400;\" aria-level=\"1\"><span style=\"font-weight: 400;\">Preparaci\u00f3n y gesti\u00f3n de expedientes judiciales.<\/span><\/li>\n<li style=\"font-weight: 400;\" aria-level=\"1\"><span style=\"font-weight: 400;\">Tramitaci\u00f3n de gestiones con notar\u00edas, registros y organismos p\u00fablicos.<\/span><\/li>\n<li style=\"font-weight: 400;\" aria-level=\"1\"><span style=\"font-weight: 400;\">Apoyo en la elaboraci\u00f3n de informes de Due Diligence inmobiliaria.<\/span><\/li>\n<li style=\"font-weight: 400;\" aria-level=\"1\"><span style=\"font-weight: 400;\">Colaboraci\u00f3n directa con el equipo legal y resto de departamentos del grupo.<\/span><b>\n<p><\/b><\/li>\n<\/ul>\n<h3><b>\u00bfQu\u00e9 ofrecemos?<\/b><\/h3>\n<ul>\n<li style=\"font-weight: 400;\" aria-level=\"1\"><span style=\"font-weight: 400;\">Pr\u00e1cticas formativas en un entorno profesional y cercano.<\/span><\/li>\n<li style=\"font-weight: 400;\" aria-level=\"1\"><span style=\"font-weight: 400;\">Participaci\u00f3n en casos reales desde el primer d\u00eda.<\/span><\/li>\n<li style=\"font-weight: 400;\" aria-level=\"1\"><span style=\"font-weight: 400;\">Remuneraci\u00f3n econ\u00f3mica durante el periodo de pr\u00e1cticas.<\/span><\/li>\n<li style=\"font-weight: 400;\" aria-level=\"1\"><span style=\"font-weight: 400;\">Oportunidad real de continuidad dentro del grupo.<\/span><\/li>\n<li style=\"font-weight: 400;\" aria-level=\"1\"><span style=\"font-weight: 400;\">Oficinas en el centro de Barcelona con excelente ambiente de trabajo.<\/span><b>\n<p><\/b><\/li>\n<\/ul>\n<h3><b>\u00bfPor qu\u00e9 unirte a Ondara Legal?<\/b><\/h3>\n<p><span style=\"font-weight: 400;\">En <\/span><b>Ondara Legal,<\/b><span style=\"font-weight: 400;\"> fusionamos el rigor t\u00e9cnico del derecho con una visi\u00f3n empresarial moderna, respaldada por la innovaci\u00f3n y la tecnolog\u00eda. Como parte de Ondara Grupo, un gestor de activos alternativos especializado en cr\u00e9dito privado, inmobiliario y servicios legales, nos impulsan valores fundamentales como la excelencia, la transparencia, el respeto y la innovaci\u00f3n.<\/span><\/p>\n<p>\u00a0<\/p>\n<p><span style=\"font-weight: 400;\">Nuestra misi\u00f3n es generar valor para nuestros clientes e inversores mediante soluciones personalizadas que les permitan alcanzar sus objetivos financieros. Utilizamos herramientas digitales avanzadas, inteligencia artificial y an\u00e1lisis predictivo para ofrecer servicios legales eficientes y adaptados a las necesidades del mercado actual.<\/span><\/p>\n<p><span style=\"font-weight: 400;\">Si eres una persona proactiva, con ganas de aprender y crecer profesionalmente en un entorno din\u00e1mico y en expansi\u00f3n, esta es tu oportunidad para iniciar tu carrera en un equipo comprometido con la transformaci\u00f3n y el impacto positivo.<\/span><\/p>\n<\/div><div style=\"text-align:center;\"><style>.fusion-body .fusion-button.button-2{border-radius:4px 4px 4px 4px;}<\/style><a class=\"fusion-button button-flat fusion-button-default-size button-default button-2 fusion-button-default-span fusion-button-default-type\" target=\"_self\" href=\"https:\/\/join.com\/companies\/ondara1\/14031209-becario-a-practicas-departamento-legal\"><span class=\"fusion-button-text\">Aplica ahora<\/span><\/a><\/div><\/div><style type=\"text\/css\">.fusion-body .fusion-builder-column-2{width:66.666666666667% !important;margin-top : 0px;margin-bottom : 80px;}.fusion-builder-column-2 > .fusion-column-wrapper {padding-top : 40px !important;padding-right : 40px !important;margin-right : 2.88%;padding-bottom : 40px !important;padding-left : 40px !important;margin-left : 2.88%;}@media only screen and (max-width:1024px) {.fusion-body .fusion-builder-column-2{width:66.666666666667% !important;order : 0;}.fusion-builder-column-2 > .fusion-column-wrapper {margin-right : 2.88%;margin-left : 2.88%;}}@media only screen and (max-width:640px) {.fusion-body .fusion-builder-column-2{width:100% !important;order : 0;}.fusion-builder-column-2 > .fusion-column-wrapper {margin-right : 1.92%;margin-left : 1.92%;}}<\/style><\/div><\/div><style type=\"text\/css\">.fusion-body .fusion-flex-container.fusion-builder-row-1{ padding-top : 160px;margin-top : 0px;padding-right : 0px;padding-bottom : 0px;margin-bottom : 0px;padding-left : 0px;}<\/style><\/div>\n","protected":false},"excerpt":{"rendered":"","protected":false},"author":1,"featured_media":0,"parent":0,"menu_order":0,"comment_status":"closed","ping_status":"closed","template":"100-width.php","meta":{"footnotes":""},"class_list":["post-3418","page","type-page","status-publish","hentry"],"_links":{"self":[{"href":"https:\/\/www.ondara.group\/en\/wp-json\/wp\/v2\/pages\/3418","targetHints":{"allow":["GET"]}}],"collection":[{"href":"https:\/\/www.ondara.group\/en\/wp-json\/wp\/v2\/pages"}],"about":[{"href":"https:\/\/www.ondara.group\/en\/wp-json\/wp\/v2\/types\/page"}],"author":[{"embeddable":true,"href":"https:\/\/www.ondara.group\/en\/wp-json\/wp\/v2\/users\/1"}],"replies":[{"embeddable":true,"href":"https:\/\/www.ondara.group\/en\/wp-json\/wp\/v2\/comments?post=3418"}],"version-history":[{"count":3,"href":"https:\/\/www.ondara.group\/en\/wp-json\/wp\/v2\/pages\/3418\/revisions"}],"predecessor-version":[{"id":3436,"href":"https:\/\/www.ondara.group\/en\/wp-json\/wp\/v2\/pages\/3418\/revisions\/3436"}],"wp:attachment":[{"href":"https:\/\/www.ondara.group\/en\/wp-json\/wp\/v2\/media?parent=3418"}],"curies":[{"name":"wp","href":"https:\/\/api.w.org\/{rel}","templated":true}]}}