{"id":2885,"date":"2025-01-29T16:45:21","date_gmt":"2025-01-29T16:45:21","guid":{"rendered":"https:\/\/www.ondara.group\/?page_id=2885"},"modified":"2025-04-22T21:21:16","modified_gmt":"2025-04-22T21:21:16","slug":"abogado_lso","status":"publish","type":"page","link":"https:\/\/www.ondara.group\/en\/abogado_lso\/","title":{"rendered":"Abogado\/a Especialista Ley de la Segunda Oportunidad"},"content":{"rendered":"<div class=\"fusion-fullwidth fullwidth-box fusion-builder-row-1 fusion-flex-container has-pattern-background has-mask-background fusion-parallax-fixed nonhundred-percent-fullwidth non-hundred-percent-height-scrolling\" style=\"background-color: var(--awb-color8);background-image: url(&quot;http:\/\/www.ondara.group\/wp-content\/uploads\/2025\/01\/Hero-header-section-2-1.png&quot;);background-position: center center;background-repeat: no-repeat;border-width: 0px 0px 0px 0px;border-color:var(--awb-color3);border-style:solid;-webkit-background-size:cover;-moz-background-size:cover;-o-background-size:cover;background-size:cover;background-attachment:fixed;\" ><div class=\"fusion-builder-row fusion-row fusion-flex-align-items-flex-start fusion-flex-justify-content-center\" style=\"max-width:1248px;margin-left: calc(-4% \/ 2 );margin-right: calc(-4% \/ 2 );\"><div class=\"fusion-layout-column fusion_builder_column fusion-builder-column-0 fusion_builder_column_1_2 1_2 fusion-flex-column fusion-flex-align-self-center\"><div class=\"fusion-column-wrapper fusion-flex-justify-content-center fusion-content-layout-column\" style=\"background-position:left top;background-repeat:no-repeat;-webkit-background-size:cover;-moz-background-size:cover;-o-background-size:cover;background-size:cover;padding: 0px 0px 0px 0px;\"><style type=\"text\/css\">@media only screen and (max-width:1024px) {.fusion-title.fusion-title-1{margin-top:10px!important; margin-right:0px!important;margin-bottom:15px!important;margin-left:0px!important;}}@media only screen and (max-width:640px) {.fusion-title.fusion-title-1{margin-top:10px!important; margin-right:0px!important;margin-bottom:10px!important; margin-left:0px!important;}}<\/style><div class=\"fusion-title title fusion-title-1 fusion-sep-none fusion-title-text fusion-title-size-one\" style=\"margin-top:10px;margin-right:0px;margin-bottom:15px;margin-left:0px;\"><h1 class=\"title-heading-left fusion-responsive-typography-calculated\" style=\"margin:0;--fontSize:77;line-height:var(--awb-typography1-line-height);\">Empleo<\/h1><\/div><\/div><style type=\"text\/css\">.fusion-body .fusion-builder-column-0{width:50% !important;margin-top : 0px;margin-bottom : 20px;}.fusion-builder-column-0 > .fusion-column-wrapper {padding-top : 0px !important;padding-right : 0px !important;margin-right : 3.84%;padding-bottom : 0px !important;padding-left : 0px !important;margin-left : 3.84%;}@media only screen and (max-width:1024px) {.fusion-body .fusion-builder-column-0{width:50% !important;order : 0;}.fusion-builder-column-0 > .fusion-column-wrapper {margin-right : 3.84%;margin-left : 3.84%;}}@media only screen and (max-width:640px) {.fusion-body .fusion-builder-column-0{width:100% !important;order : 0;}.fusion-builder-column-0 > .fusion-column-wrapper {margin-right : 1.92%;margin-left : 1.92%;}}<\/style><\/div><div class=\"fusion-layout-column fusion_builder_column fusion-builder-column-1 fusion_builder_column_1_2 1_2 fusion-flex-column fusion-flex-align-self-center\"><div class=\"fusion-column-wrapper fusion-flex-justify-content-center fusion-content-layout-column\" style=\"background-position:left top;background-repeat:no-repeat;-webkit-background-size:cover;-moz-background-size:cover;-o-background-size:cover;background-size:cover;padding: 0px 0px 0px 0px;\"><div style=\"text-align:right;\"><style>.fusion-body .fusion-button.button-1{border-radius:4px 4px 4px 4px;}<\/style><a class=\"fusion-button button-flat fusion-button-default-size button-default button-1 fusion-button-default-span fusion-button-default-type\" target=\"_self\" href=\"https:\/\/www.ondara.group\/talento\/\"><i class=\"fa-arrow-left fas button-icon-left\" aria-hidden=\"true\"><\/i><span class=\"fusion-button-text\">Empleo<\/span><\/a><\/div><\/div><style type=\"text\/css\">.fusion-body .fusion-builder-column-1{width:50% !important;margin-top : 0px;margin-bottom : 20px;}.fusion-builder-column-1 > .fusion-column-wrapper {padding-top : 0px !important;padding-right : 0px !important;margin-right : 3.84%;padding-bottom : 0px !important;padding-left : 0px !important;margin-left : 3.84%;}@media only screen and (max-width:1024px) {.fusion-body .fusion-builder-column-1{width:50% !important;order : 0;}.fusion-builder-column-1 > .fusion-column-wrapper {margin-right : 3.84%;margin-left : 3.84%;}}@media only screen and (max-width:640px) {.fusion-body .fusion-builder-column-1{width:100% !important;order : 0;}.fusion-builder-column-1 > .fusion-column-wrapper {margin-right : 1.92%;margin-left : 1.92%;}}<\/style><\/div><div class=\"fusion-layout-column fusion_builder_column fusion-builder-column-2 fusion_builder_column_2_3 2_3 fusion-flex-column\"><div class=\"fusion-column-wrapper fusion-flex-justify-content-flex-start fusion-content-layout-column\" style=\"background-position:left top;background-repeat:no-repeat;-webkit-background-size:cover;-moz-background-size:cover;-o-background-size:cover;background-size:cover;border-radius:16px 16px 16px 16px;background-color:var(--awb-color1);border-radius:16px 16px 16px 16px;overflow:hidden;padding: 40px 40px 40px 40px;\"><div style=\"text-align:center;\"><style>.fusion-imageframe.imageframe-1{ margin-bottom : 40px;}<\/style><span class=\" fusion-imageframe imageframe-none imageframe-1 hover-type-none\"><img decoding=\"async\" width=\"300\" height=\"101\" title=\"logo-resuelve-dark\" src=\"http:\/\/www.ondara.group\/wp-content\/uploads\/2025\/01\/logo-resuelve-dark-300x101.png\" alt class=\"img-responsive wp-image-3282\" srcset=\"https:\/\/www.ondara.group\/wp-content\/uploads\/2025\/01\/logo-resuelve-dark-200x67.png 200w, https:\/\/www.ondara.group\/wp-content\/uploads\/2025\/01\/logo-resuelve-dark-400x134.png 400w, https:\/\/www.ondara.group\/wp-content\/uploads\/2025\/01\/logo-resuelve-dark-600x202.png 600w, https:\/\/www.ondara.group\/wp-content\/uploads\/2025\/01\/logo-resuelve-dark-800x269.png 800w, https:\/\/www.ondara.group\/wp-content\/uploads\/2025\/01\/logo-resuelve-dark-1200x403.png 1200w, https:\/\/www.ondara.group\/wp-content\/uploads\/2025\/01\/logo-resuelve-dark.png 1577w\" sizes=\"(max-width: 640px) 100vw, 800px\" \/><\/span><\/div><style type=\"text\/css\">@media only screen and (max-width:1024px) {.fusion-title.fusion-title-2{margin-top:10px!important; margin-right:0px!important;margin-bottom:40px!important;margin-left:0px!important;}}@media only screen and (max-width:640px) {.fusion-title.fusion-title-2{margin-top:10px!important; margin-right:0px!important;margin-bottom:10px!important; margin-left:0px!important;}}<\/style><div class=\"fusion-title title fusion-title-2 fusion-sep-none fusion-title-text fusion-title-size-two\" style=\"margin-top:10px;margin-right:0px;margin-bottom:40px;margin-left:0px;\"><h2 class=\"title-heading-left fusion-responsive-typography-calculated\" style=\"margin:0;--fontSize:48;line-height:var(--awb-typography1-line-height);\">Abogado\/a Especialista Ley de la Segunda Oportunidad<\/h2><\/div><div class=\"fusion-text fusion-text-1\"><p><b>Ubicaci\u00f3n<\/b><span style=\"font-weight: 400;\">: Barcelona, Catalunya<\/span><span style=\"font-weight: 400;\"><br \/>\n<\/span><b>Modalidad<\/b><span style=\"font-weight: 400;\">: Presencial<\/span><span style=\"font-weight: 400;\"><br \/>\n<\/span><b>Jornada<\/b><span style=\"font-weight: 400;\">: 40 horas semanales (horario de 9:30h a 18:30h)<\/span><span style=\"font-weight: 400;\"><br \/>\n<\/span><b>Salario<\/b><span style=\"font-weight: 400;\">: Por determinar<\/span><\/p>\n<p><b>Experiencia m\u00ednima:<\/b><span style=\"font-weight: 400;\"> al menos 1 a\u00f1o<\/span><span style=\"font-weight: 400;\"><br \/>\n<\/span><b>Tipo de contrato:<\/b><span style=\"font-weight: 400;\"> indefinido, jornada completa<\/span><\/p>\n<h3><b>Requisitos<\/b><\/h3>\n<p><b>Estudios m\u00ednimos<\/b><b><br \/>\n<\/b><span style=\"font-weight: 400;\">M\u00e1ster<\/span><\/p>\n<p><b>Experiencia m\u00ednima<\/b><b><br \/>\n<\/b><span style=\"font-weight: 400;\">Al menos 1 a\u00f1o<\/span><\/p>\n<p><b>Conocimientos necesarios<\/b><\/p>\n<ul>\n<li style=\"font-weight: 400;\" aria-level=\"1\"><span style=\"font-weight: 400;\">Gesti\u00f3n Documental<\/span><\/li>\n<li style=\"font-weight: 400;\" aria-level=\"1\"><span style=\"font-weight: 400;\">Calidad<\/span><\/li>\n<li style=\"font-weight: 400;\" aria-level=\"1\"><span style=\"font-weight: 400;\">Gesti\u00f3n<\/span><\/li>\n<li style=\"font-weight: 400;\" aria-level=\"1\"><span style=\"font-weight: 400;\">Elaboraci\u00f3n de informes<\/span><\/li>\n<li style=\"font-weight: 400;\" aria-level=\"1\"><span style=\"font-weight: 400;\">Redacci\u00f3n<\/span><\/li>\n<li style=\"font-weight: 400;\" aria-level=\"1\"><span style=\"font-weight: 400;\">Derecho mercantil<\/span><\/li>\n<\/ul>\n<p><b>Requisitos m\u00ednimos<\/b><\/p>\n<ul>\n<li style=\"font-weight: 400;\" aria-level=\"1\"><span style=\"font-weight: 400;\">Graduado\/a en Derecho y con el M\u00e1ster de Acceso a la Abogac\u00eda finalizado.<\/span><\/li>\n<li style=\"font-weight: 400;\" aria-level=\"1\"><span style=\"font-weight: 400;\">Al menos un a\u00f1o de experiencia en un puesto similar.<\/span><\/li>\n<li style=\"font-weight: 400;\" aria-level=\"1\"><span style=\"font-weight: 400;\">Experiencia gestionando un elevado n\u00famero de expedientes judiciales de manera aut\u00f3noma.<\/span><\/li>\n<li style=\"font-weight: 400;\" aria-level=\"1\"><span style=\"font-weight: 400;\">Valorable conocimientos sobre la Ley de la Segunda Oportunidad.<\/span><\/li>\n<li style=\"font-weight: 400;\" aria-level=\"1\"><span style=\"font-weight: 400;\">Persona aut\u00f3noma y resolutiva, con excelentes habilidades de comunicaci\u00f3n, organizada y proactiva.<\/span><\/li>\n<\/ul>\n<h3><b>Descripci\u00f3n<\/b><\/h3>\n<p><span style=\"font-weight: 400;\">En <\/span><b>Resuelve Mi Deuda<\/b><span style=\"font-weight: 400;\"> (ANGELUM LEGAL, S.L.), somos un despacho de abogados especializado en ayudar a personas en situaci\u00f3n de sobreendeudamiento mediante la <\/span><b>Ley de la Segunda Oportunidad<\/b><span style=\"font-weight: 400;\">. Desde nuestros inicios, trabajamos con un enfoque humano y profesional, transformando vidas y ofreciendo soluciones personalizadas a miles de clientes en Espa\u00f1a.<\/span><\/p>\n<p><span style=\"font-weight: 400;\">En plena expansi\u00f3n, buscamos profesionales comprometidos y apasionados\/as que compartan nuestros valores: empat\u00eda, excelencia y compromiso.<\/span><\/p>\n<p><span style=\"font-weight: 400;\">Queremos asegurar el mejor servicio legal para nuestros clientes. Por ello, buscamos un\/a <\/span><b>ABOGADO\/A<\/b><span style=\"font-weight: 400;\"> para incorporarse a nuestro departamento legal en nuestras oficinas de <\/span><b>Barcelona<\/b><span style=\"font-weight: 400;\">.<\/span><\/p>\n<p><span style=\"font-weight: 400;\">La persona seleccionada ser\u00e1 responsable de la redacci\u00f3n y presentaci\u00f3n de demandas, gesti\u00f3n con las diferentes notar\u00edas, gesti\u00f3n documental, trato con los clientes y gesti\u00f3n de un alto volumen de expedientes.<\/span><\/p>\n<h3><b>\u00bfCu\u00e1les ser\u00edan tus funciones?<\/b><\/h3>\n<ul>\n<li style=\"font-weight: 400;\" aria-level=\"1\"><span style=\"font-weight: 400;\">Realizar el asesoramiento jur\u00eddico y procesal diario sobre los expedientes en tramitaci\u00f3n.<\/span><\/li>\n<li style=\"font-weight: 400;\" aria-level=\"1\"><span style=\"font-weight: 400;\">Elaboraci\u00f3n de informes jur\u00eddicos.<\/span><\/li>\n<li style=\"font-weight: 400;\" aria-level=\"1\"><span style=\"font-weight: 400;\">Manejar los procedimientos t\u00e9cnicos de calidad jur\u00eddica para la correcta aplicaci\u00f3n de las leyes.<\/span><\/li>\n<li style=\"font-weight: 400;\" aria-level=\"1\"><span style=\"font-weight: 400;\">Elaboraci\u00f3n de escritos y presentaci\u00f3n de demandas.<\/span><\/li>\n<li style=\"font-weight: 400;\" aria-level=\"1\"><span style=\"font-weight: 400;\">Funciones propias del departamento legal.<\/span><\/li>\n<\/ul>\n<h3><b>\u00bfQu\u00e9 ofrecemos?<\/b><\/h3>\n<ul>\n<li style=\"font-weight: 400;\" aria-level=\"1\"><span style=\"font-weight: 400;\">Contrato indefinido.<\/span><\/li>\n<li style=\"font-weight: 400;\" aria-level=\"1\"><span style=\"font-weight: 400;\">Jornada completa de lunes a viernes.<\/span><\/li>\n<li style=\"font-weight: 400;\" aria-level=\"1\"><span style=\"font-weight: 400;\">Salario competitivo seg\u00fan val\u00eda.<\/span><\/li>\n<li style=\"font-weight: 400;\" aria-level=\"1\"><span style=\"font-weight: 400;\">Posibilidad de desarrollo y crecimiento profesional.<\/span><\/li>\n<li style=\"font-weight: 400;\" aria-level=\"1\"><span style=\"font-weight: 400;\">Excelente ambiente de trabajo.<\/span><\/li>\n<li style=\"font-weight: 400;\" aria-level=\"1\"><span style=\"font-weight: 400;\">Abono gratuito en el gimnasio de la empresa.<\/span><\/li>\n<\/ul>\n<p><b><br \/>\n<\/b><span style=\"font-weight: 400;\">Salario no disponible<\/span><\/p>\n<h3><b>\u00bfPor qu\u00e9 unirte a Resuelve Mi Deuda?<\/b><\/h3>\n<p><span style=\"font-weight: 400;\">En Resuelve Mi Deuda nos dedicamos a mejorar la calidad de vida de las personas que atraviesan problemas financieros. Si eres una persona extrovertida, optimista y con grandes habilidades comunicativas, esta es tu oportunidad de marcar la diferencia ayudando a quienes m\u00e1s lo necesitan.<\/span><\/p>\n<p><b>\u00a1Queremos conocerte!<\/b><b><br \/>\n<\/b><span style=\"font-weight: 400;\">Env\u00eda tu solicitud a: <\/span><b>empleo@resuelvemideuda.com<\/b><\/p>\n<\/div><\/div><style type=\"text\/css\">.fusion-body .fusion-builder-column-2{width:66.666666666667% !important;margin-top : 0px;margin-bottom : 80px;}.fusion-builder-column-2 > .fusion-column-wrapper {padding-top : 40px !important;padding-right : 40px !important;margin-right : 2.88%;padding-bottom : 40px !important;padding-left : 40px !important;margin-left : 2.88%;}@media only screen and (max-width:1024px) {.fusion-body .fusion-builder-column-2{width:66.666666666667% !important;order : 0;}.fusion-builder-column-2 > .fusion-column-wrapper {margin-right : 2.88%;margin-left : 2.88%;}}@media only screen and (max-width:640px) {.fusion-body .fusion-builder-column-2{width:100% !important;order : 0;}.fusion-builder-column-2 > .fusion-column-wrapper {margin-right : 1.92%;margin-left : 1.92%;}}<\/style><\/div><\/div><style type=\"text\/css\">.fusion-body .fusion-flex-container.fusion-builder-row-1{ padding-top : 160px;margin-top : 0px;padding-right : 0px;padding-bottom : 0px;margin-bottom : 0px;padding-left : 0px;}<\/style><\/div>\n","protected":false},"excerpt":{"rendered":"","protected":false},"author":1,"featured_media":0,"parent":0,"menu_order":0,"comment_status":"closed","ping_status":"closed","template":"100-width.php","meta":{"footnotes":""},"class_list":["post-2885","page","type-page","status-publish","hentry"],"_links":{"self":[{"href":"https:\/\/www.ondara.group\/en\/wp-json\/wp\/v2\/pages\/2885","targetHints":{"allow":["GET"]}}],"collection":[{"href":"https:\/\/www.ondara.group\/en\/wp-json\/wp\/v2\/pages"}],"about":[{"href":"https:\/\/www.ondara.group\/en\/wp-json\/wp\/v2\/types\/page"}],"author":[{"embeddable":true,"href":"https:\/\/www.ondara.group\/en\/wp-json\/wp\/v2\/users\/1"}],"replies":[{"embeddable":true,"href":"https:\/\/www.ondara.group\/en\/wp-json\/wp\/v2\/comments?post=2885"}],"version-history":[{"count":2,"href":"https:\/\/www.ondara.group\/en\/wp-json\/wp\/v2\/pages\/2885\/revisions"}],"predecessor-version":[{"id":3430,"href":"https:\/\/www.ondara.group\/en\/wp-json\/wp\/v2\/pages\/2885\/revisions\/3430"}],"wp:attachment":[{"href":"https:\/\/www.ondara.group\/en\/wp-json\/wp\/v2\/media?parent=2885"}],"curies":[{"name":"wp","href":"https:\/\/api.w.org\/{rel}","templated":true}]}}