{"id":2821,"date":"2025-01-29T09:06:06","date_gmt":"2025-01-29T09:06:06","guid":{"rendered":"https:\/\/www.ondara.group\/?page_id=2821"},"modified":"2025-04-22T21:25:30","modified_gmt":"2025-04-22T21:25:30","slug":"digital-marketing-specialist-practicas","status":"publish","type":"page","link":"https:\/\/www.ondara.group\/en\/digital-marketing-specialist-practicas\/","title":{"rendered":"Digital Marketing Specialist &#8211; Pr\u00e1cticas"},"content":{"rendered":"<div class=\"fusion-fullwidth fullwidth-box fusion-builder-row-1 fusion-flex-container has-pattern-background has-mask-background fusion-parallax-fixed nonhundred-percent-fullwidth non-hundred-percent-height-scrolling\" style=\"background-color: var(--awb-color8);background-image: url(&quot;http:\/\/www.ondara.group\/wp-content\/uploads\/2025\/01\/Hero-header-section-2-1.png&quot;);background-position: center center;background-repeat: no-repeat;border-width: 0px 0px 0px 0px;border-color:var(--awb-color3);border-style:solid;-webkit-background-size:cover;-moz-background-size:cover;-o-background-size:cover;background-size:cover;background-attachment:fixed;\" ><div class=\"fusion-builder-row fusion-row fusion-flex-align-items-flex-start fusion-flex-justify-content-center\" style=\"max-width:1248px;margin-left: calc(-4% \/ 2 );margin-right: calc(-4% \/ 2 );\"><div class=\"fusion-layout-column fusion_builder_column fusion-builder-column-0 fusion_builder_column_1_2 1_2 fusion-flex-column fusion-flex-align-self-center\"><div class=\"fusion-column-wrapper fusion-flex-justify-content-center fusion-content-layout-column\" style=\"background-position:left top;background-repeat:no-repeat;-webkit-background-size:cover;-moz-background-size:cover;-o-background-size:cover;background-size:cover;padding: 0px 0px 0px 0px;\"><style type=\"text\/css\">@media only screen and (max-width:1024px) {.fusion-title.fusion-title-1{margin-top:10px!important; margin-right:0px!important;margin-bottom:15px!important;margin-left:0px!important;}}@media only screen and (max-width:640px) {.fusion-title.fusion-title-1{margin-top:10px!important; margin-right:0px!important;margin-bottom:10px!important; margin-left:0px!important;}}<\/style><div class=\"fusion-title title fusion-title-1 fusion-sep-none fusion-title-text fusion-title-size-one\" style=\"margin-top:10px;margin-right:0px;margin-bottom:15px;margin-left:0px;\"><h1 class=\"title-heading-left fusion-responsive-typography-calculated\" style=\"margin:0;--fontSize:77;line-height:var(--awb-typography1-line-height);\">Empleo<\/h1><\/div><\/div><style type=\"text\/css\">.fusion-body .fusion-builder-column-0{width:50% !important;margin-top : 0px;margin-bottom : 20px;}.fusion-builder-column-0 > .fusion-column-wrapper {padding-top : 0px !important;padding-right : 0px !important;margin-right : 3.84%;padding-bottom : 0px !important;padding-left : 0px !important;margin-left : 3.84%;}@media only screen and (max-width:1024px) {.fusion-body .fusion-builder-column-0{width:50% !important;order : 0;}.fusion-builder-column-0 > .fusion-column-wrapper {margin-right : 3.84%;margin-left : 3.84%;}}@media only screen and (max-width:640px) {.fusion-body .fusion-builder-column-0{width:100% !important;order : 0;}.fusion-builder-column-0 > .fusion-column-wrapper {margin-right : 1.92%;margin-left : 1.92%;}}<\/style><\/div><div class=\"fusion-layout-column fusion_builder_column fusion-builder-column-1 fusion_builder_column_1_2 1_2 fusion-flex-column fusion-flex-align-self-center\"><div class=\"fusion-column-wrapper fusion-flex-justify-content-center fusion-content-layout-column\" style=\"background-position:left top;background-repeat:no-repeat;-webkit-background-size:cover;-moz-background-size:cover;-o-background-size:cover;background-size:cover;padding: 0px 0px 0px 0px;\"><div style=\"text-align:right;\"><style>.fusion-body .fusion-button.button-1{border-radius:4px 4px 4px 4px;}<\/style><a class=\"fusion-button button-flat fusion-button-default-size button-default button-1 fusion-button-default-span fusion-button-default-type\" target=\"_self\" href=\"https:\/\/www.ondara.group\/talento\/\"><i class=\"fa-arrow-left fas button-icon-left\" aria-hidden=\"true\"><\/i><span class=\"fusion-button-text\">Empleo<\/span><\/a><\/div><\/div><style type=\"text\/css\">.fusion-body .fusion-builder-column-1{width:50% !important;margin-top : 0px;margin-bottom : 20px;}.fusion-builder-column-1 > .fusion-column-wrapper {padding-top : 0px !important;padding-right : 0px !important;margin-right : 3.84%;padding-bottom : 0px !important;padding-left : 0px !important;margin-left : 3.84%;}@media only screen and (max-width:1024px) {.fusion-body .fusion-builder-column-1{width:50% !important;order : 0;}.fusion-builder-column-1 > .fusion-column-wrapper {margin-right : 3.84%;margin-left : 3.84%;}}@media only screen and (max-width:640px) {.fusion-body .fusion-builder-column-1{width:100% !important;order : 0;}.fusion-builder-column-1 > .fusion-column-wrapper {margin-right : 1.92%;margin-left : 1.92%;}}<\/style><\/div><div class=\"fusion-layout-column fusion_builder_column fusion-builder-column-2 fusion_builder_column_2_3 2_3 fusion-flex-column\"><div class=\"fusion-column-wrapper fusion-flex-justify-content-flex-start fusion-content-layout-column\" style=\"background-position:left top;background-repeat:no-repeat;-webkit-background-size:cover;-moz-background-size:cover;-o-background-size:cover;background-size:cover;border-radius:16px 16px 16px 16px;background-color:var(--awb-color1);border-radius:16px 16px 16px 16px;overflow:hidden;padding: 40px 40px 40px 40px;\"><div style=\"text-align:center;\"><style>.fusion-imageframe.imageframe-1{ margin-bottom : 40px;}<\/style><span class=\" fusion-imageframe imageframe-none imageframe-1 hover-type-none\"><img decoding=\"async\" width=\"300\" height=\"123\" title=\"Ondara_1_Black@3x\" src=\"http:\/\/www.ondara.group\/wp-content\/uploads\/2025\/01\/Ondara_1_Black@3x-300x123.png\" alt class=\"img-responsive wp-image-3298\" srcset=\"https:\/\/www.ondara.group\/wp-content\/uploads\/2025\/01\/Ondara_1_Black@3x-200x82.png 200w, https:\/\/www.ondara.group\/wp-content\/uploads\/2025\/01\/Ondara_1_Black@3x-400x163.png 400w, https:\/\/www.ondara.group\/wp-content\/uploads\/2025\/01\/Ondara_1_Black@3x-600x245.png 600w, https:\/\/www.ondara.group\/wp-content\/uploads\/2025\/01\/Ondara_1_Black@3x-800x327.png 800w, https:\/\/www.ondara.group\/wp-content\/uploads\/2025\/01\/Ondara_1_Black@3x.png 1065w\" sizes=\"(max-width: 640px) 100vw, 800px\" \/><\/span><\/div><style type=\"text\/css\">@media only screen and (max-width:1024px) {.fusion-title.fusion-title-2{margin-top:10px!important; margin-right:0px!important;margin-bottom:40px!important;margin-left:0px!important;}}@media only screen and (max-width:640px) {.fusion-title.fusion-title-2{margin-top:10px!important; margin-right:0px!important;margin-bottom:10px!important; margin-left:0px!important;}}<\/style><div class=\"fusion-title title fusion-title-2 fusion-sep-none fusion-title-text fusion-title-size-two\" style=\"margin-top:10px;margin-right:0px;margin-bottom:40px;margin-left:0px;\"><h2 class=\"title-heading-left fusion-responsive-typography-calculated\" style=\"margin:0;--fontSize:48;line-height:var(--awb-typography1-line-height);\">Digital Marketing Specialist &#8211; Pr\u00e1cticas<\/h2><\/div><div class=\"fusion-text fusion-text-1\"><p><b>\u00a0<\/b><\/p>\n<p><b style=\"background-color: var(--awb-color1); color: var(--body_typography-color); font-family: var(--body_typography-font-family); font-size: var(--body_typography-font-size); font-style: var(--body_typography-font-style,normal); letter-spacing: var(--body_typography-letter-spacing);\">Ubicaci\u00f3n<\/b><span style=\"background-color: var(--awb-color1); color: var(--body_typography-color); font-family: var(--body_typography-font-family); font-size: var(--body_typography-font-size); font-style: var(--body_typography-font-style,normal); font-weight: var(--body_typography-font-weight); letter-spacing: var(--body_typography-letter-spacing);\">: Barcelona, Catalunya<\/span><\/p>\n<p><b>Modalidad<\/b>: Presencial\/Hibrido\/Remoto<br \/>\n<b>Jornada<\/b>: Flexible<br \/>\n<b>Salario<\/b>: Contrato de pr\u00e1cticas<\/p>\n<h4><b>Sobre nosotros<\/b><\/h4>\n<p>El <strong>Grupo Ondara<\/strong> especializado en <i>Direct Lending<\/i>,\u00a0<i>Real Estate<\/i>\u00a0&amp;\u00a0<i>Legal Services<\/i>, con soluciones innovadoras para nuestros clientes e inversores.<\/p>\n<p>Ofrecemos una gran variedad de productos y servicios digitales utilizando la tecnolog\u00eda e innovaci\u00f3n para maximizar resultados. Desarrollamos herramientas digitales autom\u00e1ticas y con Inteligencia Artificial para simplificar y optimizar nuestros procesos.<\/p>\n<p>Empleamos el Big Data, el an\u00e1lisis predictivo y algoritmos avanzados para evaluar riesgos, personalizar ofertas, acelerar los tiempos y maximizar el rendimiento de las inversiones.<\/p>\n<h2><b>Descripci\u00f3n<\/b><\/h2>\n<ul>\n<li style=\"font-weight: 400;\" aria-level=\"1\"><span style=\"font-weight: 400;\">Colaborar en la definici\u00f3n de la estrategia del ecosistema digital, coordinar la estrategia con los diferentes integrantes del equipo de marketing digital.<\/span><\/li>\n<li style=\"font-weight: 400;\" aria-level=\"1\"><span style=\"font-weight: 400;\">Creaci\u00f3n y gesti\u00f3n de KPI&#8217;s digitales para ayudar a incrementar la difusi\u00f3n del contenido.<\/span><\/li>\n<li style=\"font-weight: 400;\" aria-level=\"1\"><span style=\"font-weight: 400;\">Desarrollar las campa\u00f1as de marketing digital centradas en la captaci\u00f3n de clientes potenciales.<\/span><\/li>\n<li style=\"font-weight: 400;\" aria-level=\"1\"><span style=\"font-weight: 400;\">Analizar las campa\u00f1as de marketing digital a trav\u00e9s de diferentes canales con la finalidad de optimizar las campa\u00f1as.<\/span><\/li>\n<li style=\"font-weight: 400;\" aria-level=\"1\"><span style=\"font-weight: 400;\">Reporte directo a Marketing Manager.<\/span><\/li>\n<\/ul>\n<h2><b>Perfil Buscado (H\/M\/D)<\/b><\/h2>\n<ul>\n<li style=\"font-weight: 400;\" aria-level=\"1\"><span style=\"font-weight: 400;\">Estudios de Marketing de CFGS, comunicaci\u00f3n o similar.<\/span><\/li>\n<li style=\"font-weight: 400;\" aria-level=\"1\"><span style=\"font-weight: 400;\">Sin necesidad de experiencia en una posici\u00f3n similar.<\/span><\/li>\n<li style=\"font-weight: 400;\" aria-level=\"1\"><span style=\"font-weight: 400;\">Conocimiento 360\u00ba de las ramas del Marketing Digital.<\/span><\/li>\n<li style=\"font-weight: 400;\" aria-level=\"1\"><span style=\"font-weight: 400;\">Excelente capacidad estrat\u00e9gica y anal\u00edtica.<\/span><\/li>\n<li style=\"font-weight: 400;\" aria-level=\"1\"><span style=\"font-weight: 400;\">Nivel alto de castellano y catal\u00e1n y preferiblemente ingl\u00e9s.<\/span><\/li>\n<\/ul>\n<h2><b>Qu\u00e9 ofrecemos<\/b><\/h2>\n<ul>\n<li style=\"font-weight: 400;\" aria-level=\"1\"><span style=\"font-weight: 400;\">Trabajo remoto.<\/span><\/li>\n<li style=\"font-weight: 400;\" aria-level=\"1\"><span style=\"font-weight: 400;\">Flexibilidad horaria.<\/span><\/li>\n<li style=\"font-weight: 400;\" aria-level=\"1\"><span style=\"font-weight: 400;\">Posibilidad de crecimiento profesional.<\/span><\/li>\n<li style=\"font-weight: 400;\" aria-level=\"1\"><span style=\"font-weight: 400;\">Proyecto innovador y atractivo<\/span><\/li>\n<\/ul>\n<p><b>\u00a1Queremos conocerte!<\/b><b><br \/>\n<\/b>Env\u00eda tu solicitud a: <b>empleo@ondara.group<\/b><\/p>\n<\/div><div style=\"text-align:center;\"><style>.fusion-body .fusion-button.button-2{border-radius:4px 4px 4px 4px;}<\/style><a class=\"fusion-button button-flat fusion-button-default-size button-default button-2 fusion-button-default-span fusion-button-default-type\" target=\"_blank\" rel=\"noopener noreferrer\" href=\"https:\/\/join.com\/companies\/ondara1\/13502562-digital-marketing-specialist-practicas\"><span class=\"fusion-button-text\">Aplica ahora<\/span><\/a><\/div><\/div><style type=\"text\/css\">.fusion-body .fusion-builder-column-2{width:66.666666666667% !important;margin-top : 0px;margin-bottom : 80px;}.fusion-builder-column-2 > .fusion-column-wrapper {padding-top : 40px !important;padding-right : 40px !important;margin-right : 2.88%;padding-bottom : 40px !important;padding-left : 40px !important;margin-left : 2.88%;}@media only screen and (max-width:1024px) {.fusion-body .fusion-builder-column-2{width:66.666666666667% !important;order : 0;}.fusion-builder-column-2 > .fusion-column-wrapper {margin-right : 2.88%;margin-left : 2.88%;}}@media only screen and (max-width:640px) {.fusion-body .fusion-builder-column-2{width:100% !important;order : 0;}.fusion-builder-column-2 > .fusion-column-wrapper {margin-right : 1.92%;margin-left : 1.92%;}}<\/style><\/div><\/div><style type=\"text\/css\">.fusion-body .fusion-flex-container.fusion-builder-row-1{ padding-top : 160px;margin-top : 0px;padding-right : 0px;padding-bottom : 0px;margin-bottom : 0px;padding-left : 0px;}<\/style><\/div>\n","protected":false},"excerpt":{"rendered":"","protected":false},"author":1,"featured_media":0,"parent":0,"menu_order":0,"comment_status":"closed","ping_status":"closed","template":"100-width.php","meta":{"footnotes":""},"class_list":["post-2821","page","type-page","status-publish","hentry"],"_links":{"self":[{"href":"https:\/\/www.ondara.group\/en\/wp-json\/wp\/v2\/pages\/2821","targetHints":{"allow":["GET"]}}],"collection":[{"href":"https:\/\/www.ondara.group\/en\/wp-json\/wp\/v2\/pages"}],"about":[{"href":"https:\/\/www.ondara.group\/en\/wp-json\/wp\/v2\/types\/page"}],"author":[{"embeddable":true,"href":"https:\/\/www.ondara.group\/en\/wp-json\/wp\/v2\/users\/1"}],"replies":[{"embeddable":true,"href":"https:\/\/www.ondara.group\/en\/wp-json\/wp\/v2\/comments?post=2821"}],"version-history":[{"count":4,"href":"https:\/\/www.ondara.group\/en\/wp-json\/wp\/v2\/pages\/2821\/revisions"}],"predecessor-version":[{"id":3435,"href":"https:\/\/www.ondara.group\/en\/wp-json\/wp\/v2\/pages\/2821\/revisions\/3435"}],"wp:attachment":[{"href":"https:\/\/www.ondara.group\/en\/wp-json\/wp\/v2\/media?parent=2821"}],"curies":[{"name":"wp","href":"https:\/\/api.w.org\/{rel}","templated":true}]}}