{"id":2806,"date":"2025-01-28T17:41:24","date_gmt":"2025-01-28T17:41:24","guid":{"rendered":"https:\/\/www.ondara.group\/?page_id=2806"},"modified":"2025-04-22T21:22:20","modified_gmt":"2025-04-22T21:22:20","slug":"comercial-productos-financieros","status":"publish","type":"page","link":"https:\/\/www.ondara.group\/en\/comercial-productos-financieros\/","title":{"rendered":"Comercial de Productos Financieros &#8211; Sales\/Credit Manager"},"content":{"rendered":"<div class=\"fusion-fullwidth fullwidth-box fusion-builder-row-1 fusion-flex-container has-pattern-background has-mask-background fusion-parallax-fixed nonhundred-percent-fullwidth non-hundred-percent-height-scrolling\" style=\"background-color: var(--awb-color8);background-image: url(&quot;http:\/\/www.ondara.group\/wp-content\/uploads\/2025\/01\/Hero-header-section-2-1.png&quot;);background-position: center center;background-repeat: no-repeat;border-width: 0px 0px 0px 0px;border-color:var(--awb-color3);border-style:solid;-webkit-background-size:cover;-moz-background-size:cover;-o-background-size:cover;background-size:cover;background-attachment:fixed;\" ><div class=\"fusion-builder-row fusion-row fusion-flex-align-items-flex-start fusion-flex-justify-content-center\" style=\"max-width:1248px;margin-left: calc(-4% \/ 2 );margin-right: calc(-4% \/ 2 );\"><div class=\"fusion-layout-column fusion_builder_column fusion-builder-column-0 fusion_builder_column_1_2 1_2 fusion-flex-column fusion-flex-align-self-center\"><div class=\"fusion-column-wrapper fusion-flex-justify-content-center fusion-content-layout-column\" style=\"background-position:left top;background-repeat:no-repeat;-webkit-background-size:cover;-moz-background-size:cover;-o-background-size:cover;background-size:cover;padding: 0px 0px 0px 0px;\"><style type=\"text\/css\">@media only screen and (max-width:1024px) {.fusion-title.fusion-title-1{margin-top:10px!important; margin-right:0px!important;margin-bottom:15px!important;margin-left:0px!important;}}@media only screen and (max-width:640px) {.fusion-title.fusion-title-1{margin-top:10px!important; margin-right:0px!important;margin-bottom:10px!important; margin-left:0px!important;}}<\/style><div class=\"fusion-title title fusion-title-1 fusion-sep-none fusion-title-text fusion-title-size-one\" style=\"margin-top:10px;margin-right:0px;margin-bottom:15px;margin-left:0px;\"><h1 class=\"title-heading-left fusion-responsive-typography-calculated\" style=\"margin:0;--fontSize:77;line-height:var(--awb-typography1-line-height);\">Empleo<\/h1><\/div><\/div><style type=\"text\/css\">.fusion-body .fusion-builder-column-0{width:50% !important;margin-top : 0px;margin-bottom : 20px;}.fusion-builder-column-0 > .fusion-column-wrapper {padding-top : 0px !important;padding-right : 0px !important;margin-right : 3.84%;padding-bottom : 0px !important;padding-left : 0px !important;margin-left : 3.84%;}@media only screen and (max-width:1024px) {.fusion-body .fusion-builder-column-0{width:50% !important;order : 0;}.fusion-builder-column-0 > .fusion-column-wrapper {margin-right : 3.84%;margin-left : 3.84%;}}@media only screen and (max-width:640px) {.fusion-body .fusion-builder-column-0{width:100% !important;order : 0;}.fusion-builder-column-0 > .fusion-column-wrapper {margin-right : 1.92%;margin-left : 1.92%;}}<\/style><\/div><div class=\"fusion-layout-column fusion_builder_column fusion-builder-column-1 fusion_builder_column_1_2 1_2 fusion-flex-column fusion-flex-align-self-center\"><div class=\"fusion-column-wrapper fusion-flex-justify-content-center fusion-content-layout-column\" style=\"background-position:left top;background-repeat:no-repeat;-webkit-background-size:cover;-moz-background-size:cover;-o-background-size:cover;background-size:cover;padding: 0px 0px 0px 0px;\"><div style=\"text-align:right;\"><style>.fusion-body .fusion-button.button-1{border-radius:4px 4px 4px 4px;}<\/style><a class=\"fusion-button button-flat fusion-button-default-size button-default button-1 fusion-button-default-span fusion-button-default-type\" target=\"_self\" href=\"https:\/\/www.ondara.group\/talento\/\"><i class=\"fa-arrow-left fas button-icon-left\" aria-hidden=\"true\"><\/i><span class=\"fusion-button-text\">Empleo<\/span><\/a><\/div><\/div><style type=\"text\/css\">.fusion-body .fusion-builder-column-1{width:50% !important;margin-top : 0px;margin-bottom : 20px;}.fusion-builder-column-1 > .fusion-column-wrapper {padding-top : 0px !important;padding-right : 0px !important;margin-right : 3.84%;padding-bottom : 0px !important;padding-left : 0px !important;margin-left : 3.84%;}@media only screen and (max-width:1024px) {.fusion-body .fusion-builder-column-1{width:50% !important;order : 0;}.fusion-builder-column-1 > .fusion-column-wrapper {margin-right : 3.84%;margin-left : 3.84%;}}@media only screen and (max-width:640px) {.fusion-body .fusion-builder-column-1{width:100% !important;order : 0;}.fusion-builder-column-1 > .fusion-column-wrapper {margin-right : 1.92%;margin-left : 1.92%;}}<\/style><\/div><div class=\"fusion-layout-column fusion_builder_column fusion-builder-column-2 fusion_builder_column_2_3 2_3 fusion-flex-column\"><div class=\"fusion-column-wrapper fusion-flex-justify-content-flex-start fusion-content-layout-column\" style=\"background-position:left top;background-repeat:no-repeat;-webkit-background-size:cover;-moz-background-size:cover;-o-background-size:cover;background-size:cover;border-radius:16px 16px 16px 16px;background-color:var(--awb-color1);border-radius:16px 16px 16px 16px;overflow:hidden;padding: 40px 40px 40px 40px;\"><div style=\"text-align:center;\"><style>.fusion-imageframe.imageframe-1{ margin-bottom : 40px;}<\/style><span class=\" fusion-imageframe imageframe-none imageframe-1 hover-type-none\"><img decoding=\"async\" width=\"300\" height=\"168\" title=\"Prestamo Capital\" src=\"http:\/\/www.ondara.group\/wp-content\/uploads\/2025\/01\/LOGO_PC_color2-300x168.png\" alt class=\"img-responsive wp-image-3296\" srcset=\"https:\/\/www.ondara.group\/wp-content\/uploads\/2025\/01\/LOGO_PC_color2-200x112.png 200w, https:\/\/www.ondara.group\/wp-content\/uploads\/2025\/01\/LOGO_PC_color2-400x223.png 400w, https:\/\/www.ondara.group\/wp-content\/uploads\/2025\/01\/LOGO_PC_color2.png 582w\" sizes=\"(max-width: 640px) 100vw, 300px\" \/><\/span><\/div><style type=\"text\/css\">@media only screen and (max-width:1024px) {.fusion-title.fusion-title-2{margin-top:10px!important; margin-right:0px!important;margin-bottom:40px!important;margin-left:0px!important;}}@media only screen and (max-width:640px) {.fusion-title.fusion-title-2{margin-top:10px!important; margin-right:0px!important;margin-bottom:10px!important; margin-left:0px!important;}}<\/style><div class=\"fusion-title title fusion-title-2 fusion-sep-none fusion-title-text fusion-title-size-two\" style=\"margin-top:10px;margin-right:0px;margin-bottom:40px;margin-left:0px;\"><h2 class=\"title-heading-left fusion-responsive-typography-calculated\" style=\"margin:0;--fontSize:48;line-height:var(--awb-typography1-line-height);\">Comercial de Productos Financieros &#8211; Sales\/Credit Manager<\/h2><\/div><div class=\"fusion-text fusion-text-1\"><p><b>Ubicaci\u00f3n<\/b>: Barcelona, Catalunya<\/p>\n<p><b>Modalidad<\/b>: Remoto \/ H\u00edbrido<\/p>\n<p><b>Jornada: <\/b>Flexible &#8211; Aut\u00f3nomo<\/p>\n<p><b>Salario: <\/b>11K brutos\/a\u00f1o + incentivos y comisiones<\/p>\n<p>&nbsp;<\/p>\n<p><b style=\"background-color: var(--awb-color1); color: var(--body_typography-color); font-family: var(--body_typography-font-family); font-size: var(--body_typography-font-size); font-style: var(--body_typography-font-style,normal); letter-spacing: var(--body_typography-letter-spacing);\">Sobre Nosotros:<\/b><\/p>\n<p><span style=\"font-weight: 400;\">Grupo Ondara (Ondara Capital, S.L. y Vern Properties, S.L), con sus marcas Prestamo Capital, Hipoteca Capital y Vern Properties, es la fintech y proptech l\u00edder en soluciones de liquidez y pr\u00e9stamos hipotecarios con garant\u00eda hipotecaria. <\/span><\/p>\n<p><span style=\"font-weight: 400;\">Grupo Ondara satisface las necesidades de particulares y negocios ofreciendo servicios de financiaci\u00f3n bancaria y soluciones de liquidez no bancaria. Ondara Capital est\u00e1 registrada y supervisada por el Banco de Espa\u00f1a.<\/span><\/p>\n<p><span style=\"font-weight: 400;\">Nos encontramos en un momento de alto crecimiento y estamos buscando personas capaces de unirse a un equipo innovador y din\u00e1mico, con ganas de aprender, de sumar y de formar parte de una compa\u00f1\u00eda con un gran potencial de crecimiento.<\/span><\/p>\n<p><b>Responsabilidades:<\/b><\/p>\n<p><span style=\"font-weight: 400;\">&#8211; Contactar con clientes que han registrado su solicitud con nosotros.<\/span><\/p>\n<p><span style=\"font-weight: 400;\">&#8211; Atender sus necesidades, ofrecerles asesoramiento y realizar propuestas comerciales.<\/span><\/p>\n<p><span style=\"font-weight: 400;\">&#8211; Seguimiento hasta el cierre de la operaci\u00f3n.<\/span><\/p>\n<p><b>Requisitos:<\/b><\/p>\n<p><span style=\"font-weight: 400;\">&#8211; CFGM en Actividades Comerciales o CFGS en Comercio Internacional.<\/span><\/p>\n<p><span style=\"font-weight: 400;\">&#8211; Experiencia o inter\u00e9s en venta telef\u00f3nica, especialmente en productos financieros (bancos, financieras, plataformas externas, etc.).<\/span><\/p>\n<p><span style=\"font-weight: 400;\">&#8211; Habilidades comerciales, capacidad de negociaci\u00f3n y trabajo en equipo de manera remota.<\/span><\/p>\n<p><span style=\"font-weight: 400;\">&#8211; Conocimientos del mercado hipotecario (valorable).<\/span><\/p>\n<p><span style=\"font-weight: 400;\">&#8211; Dominio de herramientas ofim\u00e1ticas b\u00e1sicas.<\/span><\/p>\n<p><b>\u00a1Queremos conocerte!<\/b><b><br \/>\n<\/b>Env\u00eda tu solicitud a: <b>empleo@ondara.group<\/b><\/p>\n<\/div><\/div><style type=\"text\/css\">.fusion-body .fusion-builder-column-2{width:66.666666666667% !important;margin-top : 0px;margin-bottom : 80px;}.fusion-builder-column-2 > .fusion-column-wrapper {padding-top : 40px !important;padding-right : 40px !important;margin-right : 2.88%;padding-bottom : 40px !important;padding-left : 40px !important;margin-left : 2.88%;}@media only screen and (max-width:1024px) {.fusion-body .fusion-builder-column-2{width:66.666666666667% !important;order : 0;}.fusion-builder-column-2 > .fusion-column-wrapper {margin-right : 2.88%;margin-left : 2.88%;}}@media only screen and (max-width:640px) {.fusion-body .fusion-builder-column-2{width:100% !important;order : 0;}.fusion-builder-column-2 > .fusion-column-wrapper {margin-right : 1.92%;margin-left : 1.92%;}}<\/style><\/div><\/div><style type=\"text\/css\">.fusion-body .fusion-flex-container.fusion-builder-row-1{ padding-top : 160px;margin-top : 0px;padding-right : 0px;padding-bottom : 0px;margin-bottom : 0px;padding-left : 0px;}<\/style><\/div>\n","protected":false},"excerpt":{"rendered":"","protected":false},"author":1,"featured_media":0,"parent":0,"menu_order":0,"comment_status":"closed","ping_status":"closed","template":"100-width.php","meta":{"footnotes":""},"class_list":["post-2806","page","type-page","status-publish","hentry"],"_links":{"self":[{"href":"https:\/\/www.ondara.group\/en\/wp-json\/wp\/v2\/pages\/2806","targetHints":{"allow":["GET"]}}],"collection":[{"href":"https:\/\/www.ondara.group\/en\/wp-json\/wp\/v2\/pages"}],"about":[{"href":"https:\/\/www.ondara.group\/en\/wp-json\/wp\/v2\/types\/page"}],"author":[{"embeddable":true,"href":"https:\/\/www.ondara.group\/en\/wp-json\/wp\/v2\/users\/1"}],"replies":[{"embeddable":true,"href":"https:\/\/www.ondara.group\/en\/wp-json\/wp\/v2\/comments?post=2806"}],"version-history":[{"count":3,"href":"https:\/\/www.ondara.group\/en\/wp-json\/wp\/v2\/pages\/2806\/revisions"}],"predecessor-version":[{"id":3433,"href":"https:\/\/www.ondara.group\/en\/wp-json\/wp\/v2\/pages\/2806\/revisions\/3433"}],"wp:attachment":[{"href":"https:\/\/www.ondara.group\/en\/wp-json\/wp\/v2\/media?parent=2806"}],"curies":[{"name":"wp","href":"https:\/\/api.w.org\/{rel}","templated":true}]}}